{"id":139,"date":"2019-04-08T21:27:14","date_gmt":"2019-04-08T19:27:14","guid":{"rendered":"http:\/\/gsv.tetzlaff.name\/?page_id=139"},"modified":"2019-04-08T21:27:14","modified_gmt":"2019-04-08T19:27:14","slug":"tradition","status":"publish","type":"page","link":"https:\/\/gettorfer-schuetzenverein.de\/index.php\/tradition\/","title":{"rendered":"Tradition"},"content":{"rendered":"\n<p><strong>Tradition<\/strong><\/p>\n\n\n\n<p>Bei\n Gr\u00fcndung des Vereins im Jahre 1958 war den Gr\u00fcndungsmitgliedern \nbewusst, dass damit eine lange Sch\u00fctzentradition in Gettorf fortfgef\u00fchrt\n werden konnte. Bereits&nbsp;im 17. Jahrhundert fand man&nbsp;Erw\u00e4hnungen auf ein \nSch\u00fctzen- bzw. Gildewesen in&nbsp;unserer Gemeinde. Aus dieser Zeit stammt \nauch die noch in Gebrauch befindliche &#8222;K\u00f6nigskette&#8220;, die jede amtierende\n Majest\u00e4t mit gro\u00dfem Stolz&nbsp;zu offiziellen Anl\u00e4ssen tr\u00e4gt. Das \nerste&nbsp;Emblem an der Kette datiert&nbsp;aus dem Jahre 1842.&nbsp;<\/p>\n\n\n\n<p>Wir haben uns auf die Fahne geschrieben, neben dem sportlichen Schie\u00dfen auch die&nbsp;Sch\u00fctzentradition in Gettorf fortzuf\u00fchren.&nbsp;&nbsp;<\/p>\n","protected":false},"excerpt":{"rendered":"<p>Tradition Bei Gr\u00fcndung des Vereins im Jahre 1958 war den Gr\u00fcndungsmitgliedern bewusst, dass damit eine lange Sch\u00fctzentradition in Gettorf fortfgef\u00fchrt<\/p>\n","protected":false},"author":1,"featured_media":0,"parent":0,"menu_order":0,"comment_status":"closed","ping_status":"closed","template":"","meta":{"footnotes":""},"class_list":["post-139","page","type-page","status-publish","hentry"],"_links":{"self":[{"href":"https:\/\/gettorfer-schuetzenverein.de\/index.php\/wp-json\/wp\/v2\/pages\/139","targetHints":{"allow":["GET"]}}],"collection":[{"href":"https:\/\/gettorfer-schuetzenverein.de\/index.php\/wp-json\/wp\/v2\/pages"}],"about":[{"href":"https:\/\/gettorfer-schuetzenverein.de\/index.php\/wp-json\/wp\/v2\/types\/page"}],"author":[{"embeddable":true,"href":"https:\/\/gettorfer-schuetzenverein.de\/index.php\/wp-json\/wp\/v2\/users\/1"}],"replies":[{"embeddable":true,"href":"https:\/\/gettorfer-schuetzenverein.de\/index.php\/wp-json\/wp\/v2\/comments?post=139"}],"version-history":[{"count":1,"href":"https:\/\/gettorfer-schuetzenverein.de\/index.php\/wp-json\/wp\/v2\/pages\/139\/revisions"}],"predecessor-version":[{"id":140,"href":"https:\/\/gettorfer-schuetzenverein.de\/index.php\/wp-json\/wp\/v2\/pages\/139\/revisions\/140"}],"wp:attachment":[{"href":"https:\/\/gettorfer-schuetzenverein.de\/index.php\/wp-json\/wp\/v2\/media?parent=139"}],"curies":[{"name":"wp","href":"https:\/\/api.w.org\/{rel}","templated":true}]}}