{"id":192,"date":"2019-04-08T22:05:18","date_gmt":"2019-04-08T20:05:18","guid":{"rendered":"http:\/\/gsv.tetzlaff.name\/?page_id=192"},"modified":"2019-04-18T16:05:55","modified_gmt":"2019-04-18T14:05:55","slug":"kontakt","status":"publish","type":"page","link":"https:\/\/gettorfer-schuetzenverein.de\/index.php\/kontakt\/","title":{"rendered":"Kontakt"},"content":{"rendered":"\t\t<div data-elementor-type=\"wp-post\" data-elementor-id=\"192\" class=\"elementor elementor-192\">\n\t\t\t\t\t\t<section class=\"elementor-section elementor-top-section elementor-element elementor-element-5642114f elementor-section-boxed elementor-section-height-default elementor-section-height-default\" data-id=\"5642114f\" data-element_type=\"section\" data-e-type=\"section\">\n\t\t\t\t\t\t<div class=\"elementor-container elementor-column-gap-default\">\n\t\t\t\t\t<div class=\"elementor-column elementor-col-100 elementor-top-column elementor-element elementor-element-782d960f\" data-id=\"782d960f\" data-element_type=\"column\" data-e-type=\"column\">\n\t\t\t<div class=\"elementor-widget-wrap elementor-element-populated\">\n\t\t\t\t\t\t<div class=\"elementor-element elementor-element-44fafb21 elementor-widget elementor-widget-text-editor\" data-id=\"44fafb21\" data-element_type=\"widget\" data-e-type=\"widget\" data-widget_type=\"text-editor.default\">\n\t\t\t\t<div class=\"elementor-widget-container\">\n\t\t\t\t\t\t\t\t\t\n<p>Wir freuen uns jederzeit auf Ihre Fragen und Anregungen zu unserer Arbeit. Sie k\u00f6nnen uns jeden Dienstag ab 20:00 Uhr im Sch\u00fctzenhaus im B\u00fcrgerpark in der S\u00fcderstra\u00dfe in Gettorf besuchen &#8211; direkt neben dem Tierpark Gettorf.<\/p>\n\n\n\n<p>Dar\u00fcber hinaus k\u00f6nnen Sie uns auch eine Email zuschicken:<\/p>\n\n\n\n<p><strong><br \/><\/strong><strong>E-Mail: <\/strong><a href=\"mailto:vorstand@gettorfer-schuetzenverein.de\"><strong>vorstand@gettorfer-schuetzenverein.de<\/strong><\/a><\/p>\n\t\t\t\t\t\t\t\t<\/div>\n\t\t\t\t<\/div>\n\t\t\t\t\t<\/div>\n\t\t<\/div>\n\t\t\t\t\t<\/div>\n\t\t<\/section>\n\t\t\t\t<\/div>\n\t\t","protected":false},"excerpt":{"rendered":"<p>Wir freuen uns jederzeit auf Ihre Fragen und Anregungen zu unserer Arbeit. Sie k\u00f6nnen uns jeden Dienstag ab 20:00 Uhr<\/p>\n","protected":false},"author":1,"featured_media":0,"parent":0,"menu_order":0,"comment_status":"closed","ping_status":"closed","template":"","meta":{"footnotes":""},"class_list":["post-192","page","type-page","status-publish","hentry"],"_links":{"self":[{"href":"https:\/\/gettorfer-schuetzenverein.de\/index.php\/wp-json\/wp\/v2\/pages\/192","targetHints":{"allow":["GET"]}}],"collection":[{"href":"https:\/\/gettorfer-schuetzenverein.de\/index.php\/wp-json\/wp\/v2\/pages"}],"about":[{"href":"https:\/\/gettorfer-schuetzenverein.de\/index.php\/wp-json\/wp\/v2\/types\/page"}],"author":[{"embeddable":true,"href":"https:\/\/gettorfer-schuetzenverein.de\/index.php\/wp-json\/wp\/v2\/users\/1"}],"replies":[{"embeddable":true,"href":"https:\/\/gettorfer-schuetzenverein.de\/index.php\/wp-json\/wp\/v2\/comments?post=192"}],"version-history":[{"count":2,"href":"https:\/\/gettorfer-schuetzenverein.de\/index.php\/wp-json\/wp\/v2\/pages\/192\/revisions"}],"predecessor-version":[{"id":369,"href":"https:\/\/gettorfer-schuetzenverein.de\/index.php\/wp-json\/wp\/v2\/pages\/192\/revisions\/369"}],"wp:attachment":[{"href":"https:\/\/gettorfer-schuetzenverein.de\/index.php\/wp-json\/wp\/v2\/media?parent=192"}],"curies":[{"name":"wp","href":"https:\/\/api.w.org\/{rel}","templated":true}]}}