{"id":41,"date":"2019-02-22T12:00:27","date_gmt":"2019-02-22T11:00:27","guid":{"rendered":"http:\/\/gsv.tetzlaff.name\/?page_id=41"},"modified":"2022-03-11T12:08:16","modified_gmt":"2022-03-11T11:08:16","slug":"ueber-uns","status":"publish","type":"page","link":"https:\/\/gettorfer-schuetzenverein.de\/index.php\/beispiel-seite\/ueber-uns\/","title":{"rendered":"Wir \u00fcber uns"},"content":{"rendered":"\t\t<div data-elementor-type=\"wp-post\" data-elementor-id=\"41\" class=\"elementor elementor-41\">\n\t\t\t\t\t\t<section class=\"elementor-section elementor-top-section elementor-element elementor-element-6f1f40ca elementor-section-boxed elementor-section-height-default elementor-section-height-default\" data-id=\"6f1f40ca\" data-element_type=\"section\" data-e-type=\"section\">\n\t\t\t\t\t\t<div class=\"elementor-container elementor-column-gap-default\">\n\t\t\t\t\t<div class=\"elementor-column elementor-col-100 elementor-top-column elementor-element elementor-element-8acd930\" data-id=\"8acd930\" data-element_type=\"column\" data-e-type=\"column\">\n\t\t\t<div class=\"elementor-widget-wrap elementor-element-populated\">\n\t\t\t\t\t\t<div class=\"elementor-element elementor-element-4c632a34 elementor-widget elementor-widget-text-editor\" data-id=\"4c632a34\" data-element_type=\"widget\" data-e-type=\"widget\" data-widget_type=\"text-editor.default\">\n\t\t\t\t<div class=\"elementor-widget-container\">\n\t\t\t\t\t\t\t\t\t\n<p><strong>Wir \u00fcber uns<\/strong><\/p>\n\n<p>Unser Verein wurde 1958 mit dem Zweck gegr\u00fcndet, Schie\u00dfsporttreibenden geeignete Trainingsm\u00f6glichkeiten zu bieten sowie die Sch\u00fctzentradition in der Gemeinde Gettorf fortzuf\u00fchren.<\/p>\n\n<p>Der Verein z\u00e4hlt ca. 102 aktive Mitglieder, davon 5 Jugendliche.<\/p>\n\n<p>Das Vereinsheim mit den Schie\u00dfanlagen befindet sich in der S\u00fcderstra\u00dfe im B\u00fcrgerpark.<\/p>\n\n<p>Es sind 6 elektronische Luftgewehrst\u00e4nde (10m), 4 Kleinkaliberst\u00e4nde (50m) und 5 Pistolenst\u00e4nde (25m) vorhanden, die f\u00fcr die entsprechenden Waffen zugelassen sind. Auf den Pistolenst\u00e4nden sind auch Gro\u00dfkaliber zugelassen.<\/p>\n\n<p>Trainingsabend ist der Dienstag von 18.00 Uhr bis 20.00 Uhr f\u00fcr die Jugend und ab 20.00 Uhr f\u00fcr die Erwachsenen.<\/p>\n\n<p>Wir freuen uns \u00fcber jeden Besuch. Man kann sich bei uns nach seinen Interessen beim Schie\u00dfbetrieb in den jeweiligen Waffenarten beteiligen.<\/p>\n\n<p>Anregungen, W\u00fcnsche sind uns jederzeit willkommen! Rufen Sie uns unter der angegebenen Telefonnummer an oder senden Sie uns eine E-Mail:<\/p>\n\n<p><a href=\"mailto:vorstand@gettorfer-schuetzenverein.de\">vorstand@gettorfer-schuetzenverein.de<\/a><\/p>\n\t\t\t\t\t\t\t\t<\/div>\n\t\t\t\t<\/div>\n\t\t\t\t\t<\/div>\n\t\t<\/div>\n\t\t\t\t\t<\/div>\n\t\t<\/section>\n\t\t\t\t<\/div>\n\t\t","protected":false},"excerpt":{"rendered":"<p>Wir \u00fcber uns Unser Verein wurde 1958 mit dem Zweck gegr\u00fcndet, Schie\u00dfsporttreibenden geeignete Trainingsm\u00f6glichkeiten zu bieten sowie die Sch\u00fctzentradition in<\/p>\n","protected":false},"author":1,"featured_media":0,"parent":2,"menu_order":3,"comment_status":"closed","ping_status":"closed","template":"","meta":{"footnotes":""},"class_list":["post-41","page","type-page","status-publish","hentry"],"_links":{"self":[{"href":"https:\/\/gettorfer-schuetzenverein.de\/index.php\/wp-json\/wp\/v2\/pages\/41","targetHints":{"allow":["GET"]}}],"collection":[{"href":"https:\/\/gettorfer-schuetzenverein.de\/index.php\/wp-json\/wp\/v2\/pages"}],"about":[{"href":"https:\/\/gettorfer-schuetzenverein.de\/index.php\/wp-json\/wp\/v2\/types\/page"}],"author":[{"embeddable":true,"href":"https:\/\/gettorfer-schuetzenverein.de\/index.php\/wp-json\/wp\/v2\/users\/1"}],"replies":[{"embeddable":true,"href":"https:\/\/gettorfer-schuetzenverein.de\/index.php\/wp-json\/wp\/v2\/comments?post=41"}],"version-history":[{"count":7,"href":"https:\/\/gettorfer-schuetzenverein.de\/index.php\/wp-json\/wp\/v2\/pages\/41\/revisions"}],"predecessor-version":[{"id":723,"href":"https:\/\/gettorfer-schuetzenverein.de\/index.php\/wp-json\/wp\/v2\/pages\/41\/revisions\/723"}],"up":[{"embeddable":true,"href":"https:\/\/gettorfer-schuetzenverein.de\/index.php\/wp-json\/wp\/v2\/pages\/2"}],"wp:attachment":[{"href":"https:\/\/gettorfer-schuetzenverein.de\/index.php\/wp-json\/wp\/v2\/media?parent=41"}],"curies":[{"name":"wp","href":"https:\/\/api.w.org\/{rel}","templated":true}]}}